{"id":25764,"date":"2019-03-07T22:48:33","date_gmt":"2019-03-07T21:48:33","guid":{"rendered":"https:\/\/fisiomindfulness.fisiomindfulness.com\/?page_id=25764"},"modified":"2023-04-04T22:56:59","modified_gmt":"2023-04-04T21:56:59","slug":"mindfulness-a-la-clinica-universitaria","status":"publish","type":"page","link":"https:\/\/fisiomindfulness.fisiomindfulness.com\/es\/mindfulness-a-la-clinica-universitaria\/","title":{"rendered":"Mindfulness en la Cl\u00ednica Universitaria"},"content":{"rendered":"<h1 class=\"h1 headline-article__head\">La Cl\u00ednica Universitaria de UManresa ofrece un curso de \u201cMindfulness para la salud y la gesti\u00f3n del dolor\u201d<\/h1>\n<h2 class=\"article-subtitle headline-article__subtitle\">El curso lo impartir\u00e1 la fisioterapeuta y profesora colaboradora de la Facultad de Ciencias de la Salud, Eva Vila.<\/h2>\n<p class=\"article-body__text article-body__text--entry article-body__text-middle\">La Cl\u00ednica Universitaria de<a class=\"link copy\" title=\"UManresa-FUB\" href=\"https:\/\/www.regio7.cat\/umanresa-fub\/\" target=\"_blank\" rel=\"noopener\">UManresa-FUB<\/a>\u00a0pone en marcha el pr\u00f3ximo martes, 12 de marzo, un curso de\u00a0<strong>mindfulness para la salud y la gesti\u00f3n del dolor<\/strong>. El curso lo impartir\u00e1 la fisioterapeuta y profesora colaboradora de la Facultad de Ciencias de la Salud,\u00a0<strong>Eva Vila<\/strong>, siguiendo el programa de Respiravida Breathworks.<\/p>\n<div class=\"article-body--seo-closed\">\n<p class=\"article-body__text\">Se trata de un programa psico-educativo grupal de\u00a0<strong>ocho semanas<\/strong>\u00a0que sirve para reducir el nivel de estr\u00e9s y dolor, disminuir el nivel de depresi\u00f3n y ansiedad, aumentar la autoevaluaci\u00f3n de la calidad de vida y mejorar la calidad del sue\u00f1o, entre otros resultados que han sido validados cient\u00edficamente. Este programa fue creado por Vidyamala Burch para encontrar una forma efectiva que sirviera a las personas para\u00a0<strong>gestionar el dolor y el estr\u00e9s cr\u00f3nico<\/strong>.<\/p>\n<p>Publicado por <a href=\"https:\/\/www.regio7.cat\/umanresa-fub\/2019\/03\/07\/clinica-universitaria-d-umanresa-ofereix-50109818.html\" target=\"_blank\" rel=\"noopener\"><strong>Regi\u00f3n 7<\/strong><\/a><\/p>\n<\/div>","protected":false},"excerpt":{"rendered":"<p>La Cl\u00ednica Universit\u00e0ria d&#8217;UManresa ofereix un curs de \u00abMindfulness per a la salut i la gesti\u00f3 del dolor\u00bb El curs l&#8217;impartir\u00e0 la fisioterapeuta i professora col\u00b7laboradora de la Facultat de Ci\u00e8ncies de la Salut, Eva Vila. La Cl\u00ednica Universit\u00e0ria d&#8217;UManresa-FUB\u00a0posa en marxa el proper dimarts, 12 de mar\u00e7, un curs de\u00a0mindfulness per a la salut [&hellip;]<\/p>\n","protected":false},"author":3,"featured_media":25765,"parent":0,"menu_order":0,"comment_status":"closed","ping_status":"closed","template":"","meta":{"_acf_changed":false,"_joinchat":[],"footnotes":""},"class_list":["post-25764","page","type-page","status-publish","has-post-thumbnail","hentry"],"acf":[],"_links":{"self":[{"href":"https:\/\/fisiomindfulness.fisiomindfulness.com\/es\/wp-json\/wp\/v2\/pages\/25764","targetHints":{"allow":["GET"]}}],"collection":[{"href":"https:\/\/fisiomindfulness.fisiomindfulness.com\/es\/wp-json\/wp\/v2\/pages"}],"about":[{"href":"https:\/\/fisiomindfulness.fisiomindfulness.com\/es\/wp-json\/wp\/v2\/types\/page"}],"author":[{"embeddable":true,"href":"https:\/\/fisiomindfulness.fisiomindfulness.com\/es\/wp-json\/wp\/v2\/users\/3"}],"replies":[{"embeddable":true,"href":"https:\/\/fisiomindfulness.fisiomindfulness.com\/es\/wp-json\/wp\/v2\/comments?post=25764"}],"version-history":[{"count":0,"href":"https:\/\/fisiomindfulness.fisiomindfulness.com\/es\/wp-json\/wp\/v2\/pages\/25764\/revisions"}],"wp:featuredmedia":[{"embeddable":true,"href":"https:\/\/fisiomindfulness.fisiomindfulness.com\/es\/wp-json\/wp\/v2\/media\/25765"}],"wp:attachment":[{"href":"https:\/\/fisiomindfulness.fisiomindfulness.com\/es\/wp-json\/wp\/v2\/media?parent=25764"}],"curies":[{"name":"wp","href":"https:\/\/api.w.org\/{rel}","templated":true}]}}