{"id":1253,"date":"2020-09-23T08:05:46","date_gmt":"2020-09-23T08:05:46","guid":{"rendered":"https:\/\/fisiomindfulness.fisiomindfulness.com\/?page_id=1253"},"modified":"2026-01-08T23:42:59","modified_gmt":"2026-01-08T22:42:59","slug":"colaboraciones","status":"publish","type":"page","link":"https:\/\/fisiomindfulness.fisiomindfulness.com\/es\/colaboraciones\/","title":{"rendered":"Colaboraciones"},"content":{"rendered":"<div data-elementor-type=\"wp-page\" data-elementor-id=\"1253\" class=\"elementor elementor-1253\" data-elementor-post-type=\"page\">\n\t\t\t\t\t\t<section class=\"elementor-section elementor-top-section elementor-element elementor-element-5d7fca4 elementor-section-height-min-height elementor-section-boxed elementor-section-height-default elementor-section-items-middle\" data-id=\"5d7fca4\" data-element_type=\"section\" data-e-type=\"section\">\n\t\t\t\t\t\t<div class=\"elementor-container elementor-column-gap-default\">\n\t\t\t\t\t<div class=\"elementor-column elementor-col-100 elementor-top-column elementor-element elementor-element-722eaa2\" data-id=\"722eaa2\" data-element_type=\"column\" data-e-type=\"column\">\n\t\t\t<div class=\"elementor-widget-wrap elementor-element-populated\">\n\t\t\t\t\t\t<div class=\"elementor-element elementor-element-6b5aa88 elementor-widget elementor-widget-heading\" data-id=\"6b5aa88\" data-element_type=\"widget\" data-e-type=\"widget\" data-widget_type=\"heading.default\">\n\t\t\t\t<div class=\"elementor-widget-container\">\n\t\t\t\t\t<h1 class=\"elementor-heading-title elementor-size-default\">Colaboraciones<\/h1>\t\t\t\t<\/div>\n\t\t\t\t<\/div>\n\t\t\t\t\t<\/div>\n\t\t<\/div>\n\t\t\t\t\t<\/div>\n\t\t<\/section>\n\t\t\t\t<section class=\"elementor-section elementor-top-section elementor-element elementor-element-4e480bc elementor-section-boxed elementor-section-height-default elementor-section-height-default\" data-id=\"4e480bc\" data-element_type=\"section\" data-e-type=\"section\">\n\t\t\t\t\t\t<div class=\"elementor-container elementor-column-gap-default\">\n\t\t\t\t\t<div class=\"elementor-column elementor-col-50 elementor-top-column elementor-element elementor-element-3d7a081\" data-id=\"3d7a081\" data-element_type=\"column\" data-e-type=\"column\">\n\t\t\t<div class=\"elementor-widget-wrap elementor-element-populated\">\n\t\t\t\t\t\t<div class=\"elementor-element elementor-element-a38783a elementor-widget elementor-widget-image\" data-id=\"a38783a\" data-element_type=\"widget\" data-e-type=\"widget\" data-widget_type=\"image.default\">\n\t\t\t\t<div class=\"elementor-widget-container\">\n\t\t\t\t\t\t\t\t\t\t\t\t\t\t\t<img fetchpriority=\"high\" decoding=\"async\" width=\"800\" height=\"800\" src=\"https:\/\/fisiomindfulness.fisiomindfulness.com\/wp-content\/uploads\/2020\/09\/montse-rodo.jpg\" class=\"attachment-large size-large wp-image-1256\" alt=\"\" srcset=\"https:\/\/fisiomindfulness.fisiomindfulness.com\/wp-content\/uploads\/2020\/09\/montse-rodo.jpg 800w, https:\/\/fisiomindfulness.fisiomindfulness.com\/wp-content\/uploads\/2020\/09\/montse-rodo-300x300.jpg 300w, https:\/\/fisiomindfulness.fisiomindfulness.com\/wp-content\/uploads\/2020\/09\/montse-rodo-100x100.jpg 100w, https:\/\/fisiomindfulness.fisiomindfulness.com\/wp-content\/uploads\/2020\/09\/montse-rodo-600x600.jpg 600w, https:\/\/fisiomindfulness.fisiomindfulness.com\/wp-content\/uploads\/2020\/09\/montse-rodo-150x150.jpg 150w, https:\/\/fisiomindfulness.fisiomindfulness.com\/wp-content\/uploads\/2020\/09\/montse-rodo-768x768.jpg 768w\" sizes=\"(max-width: 800px) 100vw, 800px\" \/>\t\t\t\t\t\t\t\t\t\t\t\t\t\t\t<\/div>\n\t\t\t\t<\/div>\n\t\t\t\t<div class=\"elementor-element elementor-element-1cb02d0 elementor-widget elementor-widget-heading\" data-id=\"1cb02d0\" data-element_type=\"widget\" data-e-type=\"widget\" data-widget_type=\"heading.default\">\n\t\t\t\t<div class=\"elementor-widget-container\">\n\t\t\t\t\t<h3 class=\"elementor-heading-title elementor-size-default\">Montse Rod\u00f3<\/h3>\t\t\t\t<\/div>\n\t\t\t\t<\/div>\n\t\t\t\t<div class=\"elementor-element elementor-element-8efab10 elementor-widget elementor-widget-text-editor\" data-id=\"8efab10\" data-element_type=\"widget\" data-e-type=\"widget\" data-widget_type=\"text-editor.default\">\n\t\t\t\t<div class=\"elementor-widget-container\">\n\t\t\t\t\t\t\t\t\t<p style=\"text-align: center;\">Psic\u00f3loga colegiada num. 7687<\/p><p style=\"text-align: center;\">Contacto: 666093135<\/p><p style=\"text-align: center;\"><a href=\"http:\/\/www.monrodo.net\" target=\"_blank\" rel=\"noopener\">www.monrodo.net<\/a><\/p><p style=\"text-align: center;\"><a href=\"mailto:monrodo@gmail.com\">monrodo@gmail.com<\/a><\/p>\t\t\t\t\t\t\t\t<\/div>\n\t\t\t\t<\/div>\n\t\t\t\t\t<\/div>\n\t\t<\/div>\n\t\t\t\t<div class=\"elementor-column elementor-col-50 elementor-top-column elementor-element elementor-element-d509ff3\" data-id=\"d509ff3\" data-element_type=\"column\" data-e-type=\"column\">\n\t\t\t<div class=\"elementor-widget-wrap elementor-element-populated\">\n\t\t\t\t\t\t<div class=\"elementor-element elementor-element-3f4ca4c elementor-widget elementor-widget-text-editor\" data-id=\"3f4ca4c\" data-element_type=\"widget\" data-e-type=\"widget\" data-widget_type=\"text-editor.default\">\n\t\t\t\t<div class=\"elementor-widget-container\">\n\t\t\t\t\t\t\t\t\t<p>Estudio en la Universidad de Barcelona, facultad de Psicolog\u00eda, y termino mis estudios en 1991.<\/p><p>Inicio mi recorrido profesional como educadora social en el Ayuntamiento de Manresa y ejerzo diferentes funciones dentro del \u00c1rea de Servicios Sociales en Centros Abiertos y como educadora de diferentes \u00c1reas B\u00e1sicas hasta el 2005.<\/p><p>Posteriormente ejerzo como psic\u00f3loga en el Servicio de atenci\u00f3n a la Mujer \u201cMontserrat Roig\u201d del Ayuntamiento de Manresa durante 12 a\u00f1os. Esto me ha permitido especializarme en psicolog\u00eda femenina, as\u00ed como en las relaciones personales, familiares, sociales, laborales\u2026.<\/p><p>El paso por Servicios Sociales me ha dado un importante bagaje en el tratamiento de personas, tanto en lo que se refiere a la diversidad de problem\u00e1ticas como a la diversidad de perfiles personales.<\/p><p>He trabajado con ni\u00f1os, j\u00f3venes y familias, tanto de poblaci\u00f3n aut\u00f3ctona como reci\u00e9n llegados, ayud\u00e1ndoles en la resoluci\u00f3n de conflictos, atenci\u00f3n a la diversidad, apoyo personal, social y en terapia de traumas personales.<\/p><p>Las rupturas de pareja, los conflictos familiares, el duelo por la p\u00e9rdida de una persona amada, los cambios que se dan en la adolescencia, en la maternidad, cuando los hijos se marchan de casa, en la jubilaci\u00f3n, acompa\u00f1amiento en enfermedades, agudas o cr\u00f3nicas, cambios por movilidad, s\u00edndrome de agotamiento laboral o burn out,\u2026 todos ellos son \u00e1mbitos en los que, si te conviene, puedo acompa\u00f1arte.<\/p>\t\t\t\t\t\t\t\t<\/div>\n\t\t\t\t<\/div>\n\t\t\t\t\t<\/div>\n\t\t<\/div>\n\t\t\t\t\t<\/div>\n\t\t<\/section>\n\t\t\t\t<section class=\"elementor-section elementor-top-section elementor-element elementor-element-0b83d83 elementor-section-boxed elementor-section-height-default elementor-section-height-default\" data-id=\"0b83d83\" data-element_type=\"section\" data-e-type=\"section\">\n\t\t\t\t\t\t<div class=\"elementor-container elementor-column-gap-default\">\n\t\t\t\t\t<div class=\"elementor-column elementor-col-50 elementor-top-column elementor-element elementor-element-9addad6\" data-id=\"9addad6\" data-element_type=\"column\" data-e-type=\"column\">\n\t\t\t<div class=\"elementor-widget-wrap elementor-element-populated\">\n\t\t\t\t\t\t<div class=\"elementor-element elementor-element-6e5f13f elementor-widget elementor-widget-image\" data-id=\"6e5f13f\" data-element_type=\"widget\" data-e-type=\"widget\" data-widget_type=\"image.default\">\n\t\t\t\t<div class=\"elementor-widget-container\">\n\t\t\t\t\t\t\t\t\t\t\t\t\t\t\t<img decoding=\"async\" width=\"800\" height=\"800\" src=\"https:\/\/fisiomindfulness.fisiomindfulness.com\/wp-content\/uploads\/2020\/09\/Anna-Vila.jpg\" class=\"attachment-large size-large wp-image-1257\" alt=\"\" srcset=\"https:\/\/fisiomindfulness.fisiomindfulness.com\/wp-content\/uploads\/2020\/09\/Anna-Vila.jpg 800w, https:\/\/fisiomindfulness.fisiomindfulness.com\/wp-content\/uploads\/2020\/09\/Anna-Vila-300x300.jpg 300w, https:\/\/fisiomindfulness.fisiomindfulness.com\/wp-content\/uploads\/2020\/09\/Anna-Vila-100x100.jpg 100w, https:\/\/fisiomindfulness.fisiomindfulness.com\/wp-content\/uploads\/2020\/09\/Anna-Vila-600x600.jpg 600w, https:\/\/fisiomindfulness.fisiomindfulness.com\/wp-content\/uploads\/2020\/09\/Anna-Vila-150x150.jpg 150w, https:\/\/fisiomindfulness.fisiomindfulness.com\/wp-content\/uploads\/2020\/09\/Anna-Vila-768x768.jpg 768w\" sizes=\"(max-width: 800px) 100vw, 800px\" \/>\t\t\t\t\t\t\t\t\t\t\t\t\t\t\t<\/div>\n\t\t\t\t<\/div>\n\t\t\t\t<div class=\"elementor-element elementor-element-2bb247b elementor-widget elementor-widget-heading\" data-id=\"2bb247b\" data-element_type=\"widget\" data-e-type=\"widget\" data-widget_type=\"heading.default\">\n\t\t\t\t<div class=\"elementor-widget-container\">\n\t\t\t\t\t<h3 class=\"elementor-heading-title elementor-size-default\">Anna Vila Safont<\/h3>\t\t\t\t<\/div>\n\t\t\t\t<\/div>\n\t\t\t\t<div class=\"elementor-element elementor-element-494cbc1 elementor-widget elementor-widget-text-editor\" data-id=\"494cbc1\" data-element_type=\"widget\" data-e-type=\"widget\" data-widget_type=\"text-editor.default\">\n\t\t\t\t<div class=\"elementor-widget-container\">\n\t\t\t\t\t\t\t\t\t<p style=\"text-align: center;\">Contacto : 652812896\u00a0<\/p><p style=\"text-align: center;\"><a href=\"mailto:boiraanna@yahoo.es\">boiraanna@yahoo.es<\/a>\u00a0<\/p><p style=\"text-align: center;\"><em>Actualmente Coordinadora y Entrenadora Personal del Centro Wunder-training (desde 2007)<\/em><\/p>\t\t\t\t\t\t\t\t<\/div>\n\t\t\t\t<\/div>\n\t\t\t\t<div class=\"elementor-element elementor-element-76a0271 elementor-widget__width-initial elementor-widget elementor-widget-text-editor\" data-id=\"76a0271\" data-element_type=\"widget\" data-e-type=\"widget\" data-widget_type=\"text-editor.default\">\n\t\t\t\t<div class=\"elementor-widget-container\">\n\t\t\t\t\t\t\t\t\t<p><em style=\"color: var( --e-global-color-text ); font-family: var( --e-global-typography-text-font-family ); font-weight: var( --e-global-typography-text-font-weight );\">Licenciada en Educaci\u00f3n F\u00edsica (1992)<\/em><\/p><p><em>Reflex\u00f3loga Podal (1992)<\/em><\/p><p><em>Terapeuta de masaje ito-thermie y shiatsu (2000)<\/em><\/p><p><em>Formaci\u00f3n en Quiromasaje (2002)<\/em><\/p><p><em>Terapeuta de Flores de Bach (2004)<\/em><\/p><p><em>Terapeuta Craneosacral (2009)<\/em><\/p><p><em>Educadora Corporal de Microgimnasia (2014)<\/em><\/p><p>\u00a0<\/p>\t\t\t\t\t\t\t\t<\/div>\n\t\t\t\t<\/div>\n\t\t\t\t\t<\/div>\n\t\t<\/div>\n\t\t\t\t<div class=\"elementor-column elementor-col-50 elementor-top-column elementor-element elementor-element-6fe7261\" data-id=\"6fe7261\" data-element_type=\"column\" data-e-type=\"column\">\n\t\t\t<div class=\"elementor-widget-wrap elementor-element-populated\">\n\t\t\t\t\t\t<div class=\"elementor-element elementor-element-72a258a elementor-widget elementor-widget-heading\" data-id=\"72a258a\" data-element_type=\"widget\" data-e-type=\"widget\" data-widget_type=\"heading.default\">\n\t\t\t\t<div class=\"elementor-widget-container\">\n\t\t\t\t\t<h2 class=\"elementor-heading-title elementor-size-default\">INFORMACI\u00d3N TERAPIAS<\/h2>\t\t\t\t<\/div>\n\t\t\t\t<\/div>\n\t\t\t\t<div class=\"elementor-element elementor-element-8d7d852 elementor-widget elementor-widget-toggle\" data-id=\"8d7d852\" data-element_type=\"widget\" data-e-type=\"widget\" data-widget_type=\"toggle.default\">\n\t\t\t\t<div class=\"elementor-widget-container\">\n\t\t\t\t\t\t\t<div class=\"elementor-toggle\">\n\t\t\t\t\t\t\t<div class=\"elementor-toggle-item\">\n\t\t\t\t\t<div id=\"elementor-tab-title-1481\" class=\"elementor-tab-title\" data-tab=\"1\" role=\"button\" aria-controls=\"elementor-tab-content-1481\" aria-expanded=\"false\">\n\t\t\t\t\t\t\t\t\t\t\t\t<span class=\"elementor-toggle-icon elementor-toggle-icon-right\" aria-hidden=\"true\">\n\t\t\t\t\t\t\t\t\t\t\t\t\t\t\t<span class=\"elementor-toggle-icon-closed\"><i class=\"fas fa-plus\"><\/i><\/span>\n\t\t\t\t\t\t\t\t<span class=\"elementor-toggle-icon-opened\"><i class=\"elementor-toggle-icon-opened fas fa-minus\"><\/i><\/span>\n\t\t\t\t\t\t\t\t\t\t\t\t\t<\/span>\n\t\t\t\t\t\t\t\t\t\t\t\t<a class=\"elementor-toggle-title\" tabindex=\"0\">Terapia craneosacral<\/a>\n\t\t\t\t\t<\/div>\n\n\t\t\t\t\t<div id=\"elementor-tab-content-1481\" class=\"elementor-tab-content elementor-clearfix\" data-tab=\"1\" role=\"region\" aria-labelledby=\"elementor-tab-title-1481\"><p>T\u00e9cnica manual suave y profunda, derivada de la osteopat\u00eda. A trav\u00e9s de un contacto ligero se equilibran los desajustes y se incrementa la vitalidad para que el cuerpo utilice sus propios recursos de autocuraci\u00f3n. Se realizan toques muy sutiles sobre el cr\u00e1neo y el resto del cuerpo que restauran el equilibrio y funcionalidad del sistema nervioso, causando una relajaci\u00f3n muy profunda que permite mejorar la organizaci\u00f3n del cuerpo desde dentro.<\/p><\/div>\n\t\t\t\t<\/div>\n\t\t\t\t\t\t\t<div class=\"elementor-toggle-item\">\n\t\t\t\t\t<div id=\"elementor-tab-title-1482\" class=\"elementor-tab-title\" data-tab=\"2\" role=\"button\" aria-controls=\"elementor-tab-content-1482\" aria-expanded=\"false\">\n\t\t\t\t\t\t\t\t\t\t\t\t<span class=\"elementor-toggle-icon elementor-toggle-icon-right\" aria-hidden=\"true\">\n\t\t\t\t\t\t\t\t\t\t\t\t\t\t\t<span class=\"elementor-toggle-icon-closed\"><i class=\"fas fa-plus\"><\/i><\/span>\n\t\t\t\t\t\t\t\t<span class=\"elementor-toggle-icon-opened\"><i class=\"elementor-toggle-icon-opened fas fa-minus\"><\/i><\/span>\n\t\t\t\t\t\t\t\t\t\t\t\t\t<\/span>\n\t\t\t\t\t\t\t\t\t\t\t\t<a class=\"elementor-toggle-title\" tabindex=\"0\">Masaje ito-termie<\/a>\n\t\t\t\t\t<\/div>\n\n\t\t\t\t\t<div id=\"elementor-tab-content-1482\" class=\"elementor-tab-content elementor-clearfix\" data-tab=\"2\" role=\"region\" aria-labelledby=\"elementor-tab-title-1482\"><p>Masaje de origen japon\u00e9s que combina los beneficios de la acupuntura, el shiatsu, la aromaterapia, el masaje y la moxibusti\u00f3n. La piel es estimulada mediante calor con ayuda de unos aparatos con forma de tubo, dentro de los cuales se queman unos \u201cincensos\u201d que est\u00e1n hechos de plantas medicinales que aportan el calor y el aroma como elementos terap\u00e9uticos.<\/p><\/div>\n\t\t\t\t<\/div>\n\t\t\t\t\t\t\t<div class=\"elementor-toggle-item\">\n\t\t\t\t\t<div id=\"elementor-tab-title-1483\" class=\"elementor-tab-title\" data-tab=\"3\" role=\"button\" aria-controls=\"elementor-tab-content-1483\" aria-expanded=\"false\">\n\t\t\t\t\t\t\t\t\t\t\t\t<span class=\"elementor-toggle-icon elementor-toggle-icon-right\" aria-hidden=\"true\">\n\t\t\t\t\t\t\t\t\t\t\t\t\t\t\t<span class=\"elementor-toggle-icon-closed\"><i class=\"fas fa-plus\"><\/i><\/span>\n\t\t\t\t\t\t\t\t<span class=\"elementor-toggle-icon-opened\"><i class=\"elementor-toggle-icon-opened fas fa-minus\"><\/i><\/span>\n\t\t\t\t\t\t\t\t\t\t\t\t\t<\/span>\n\t\t\t\t\t\t\t\t\t\t\t\t<a class=\"elementor-toggle-title\" tabindex=\"0\">Flores de bach<\/a>\n\t\t\t\t\t<\/div>\n\n\t\t\t\t\t<div id=\"elementor-tab-content-1483\" class=\"elementor-tab-content elementor-clearfix\" data-tab=\"3\" role=\"region\" aria-labelledby=\"elementor-tab-title-1483\"><p>M\u00e9todo de curaci\u00f3n sencillo y natural que ayuda a equilibrar los estados mentales y emocionales negativos <strong>(angustia, inseguridad, depresi\u00f3n, agresividad, estr\u00e9s, miedos y fobias\u2026)<\/strong>. Tambi\u00e9n se utilizan para afrontar situaciones conflictivas (problemas de concentraci\u00f3n, nervios en \u00e9poca de ex\u00e1menes\u2026). Carecen de efectos secundarios.<\/p><\/div>\n\t\t\t\t<\/div>\n\t\t\t\t\t\t\t<div class=\"elementor-toggle-item\">\n\t\t\t\t\t<div id=\"elementor-tab-title-1484\" class=\"elementor-tab-title\" data-tab=\"4\" role=\"button\" aria-controls=\"elementor-tab-content-1484\" aria-expanded=\"false\">\n\t\t\t\t\t\t\t\t\t\t\t\t<span class=\"elementor-toggle-icon elementor-toggle-icon-right\" aria-hidden=\"true\">\n\t\t\t\t\t\t\t\t\t\t\t\t\t\t\t<span class=\"elementor-toggle-icon-closed\"><i class=\"fas fa-plus\"><\/i><\/span>\n\t\t\t\t\t\t\t\t<span class=\"elementor-toggle-icon-opened\"><i class=\"elementor-toggle-icon-opened fas fa-minus\"><\/i><\/span>\n\t\t\t\t\t\t\t\t\t\t\t\t\t<\/span>\n\t\t\t\t\t\t\t\t\t\t\t\t<a class=\"elementor-toggle-title\" tabindex=\"0\">Microgimnasia<\/a>\n\t\t\t\t\t<\/div>\n\n\t\t\t\t\t<div id=\"elementor-tab-content-1484\" class=\"elementor-tab-content elementor-clearfix\" data-tab=\"4\" role=\"region\" aria-labelledby=\"elementor-tab-title-1484\"><p>Es una terapia de reeducaci\u00f3n corporal que aporta mayor flexibilidad y elasticidad a los m\u00fasculos ya las articulaciones. Es una combinaci\u00f3n de movimientos lentos y peque\u00f1os, acompa\u00f1ado de un trabajo respiratorio y una toma de conciencia para corregir posturas corporales err\u00f3neas.<\/p><p>Se trabaja el cuerpo en profundidad, liberando tensiones y consiguiendo una agradable sensaci\u00f3n de relajaci\u00f3n y bienestar.<\/p><\/div>\n\t\t\t\t<\/div>\n\t\t\t\t\t\t\t\t<\/div>\n\t\t\t\t\t\t<\/div>\n\t\t\t\t<\/div>\n\t\t\t\t\t<\/div>\n\t\t<\/div>\n\t\t\t\t\t<\/div>\n\t\t<\/section>\n\t\t\t\t<\/div>","protected":false},"excerpt":{"rendered":"<p>Col\u00b7laboracions Montse Rod\u00f3 Psic\u00f2loga col\u00b7legiada num. 7687 Contacte: 666093135 www.monrodo.net monrodo@gmail.com Estudio a la Universitat de Barcelona, facultat de Psicologia, i acabo els meus estudis al 1991. Inicio el meu recorregut professional com a educadora social a l\u2019Ajuntament de Manresa i exerceixo diferents funcions dins l\u2019\u00c0rea de Serveis Socials\u00a0en\u00a0Centres Oberts i\u00a0com educadora de diferents\u00a0\u00c0rees\u00a0B\u00e0siques fins [&hellip;]<\/p>\n","protected":false},"author":1,"featured_media":0,"parent":0,"menu_order":0,"comment_status":"closed","ping_status":"closed","template":"","meta":{"_acf_changed":false,"_joinchat":[],"footnotes":""},"class_list":["post-1253","page","type-page","status-publish","hentry"],"acf":[],"_links":{"self":[{"href":"https:\/\/fisiomindfulness.fisiomindfulness.com\/es\/wp-json\/wp\/v2\/pages\/1253","targetHints":{"allow":["GET"]}}],"collection":[{"href":"https:\/\/fisiomindfulness.fisiomindfulness.com\/es\/wp-json\/wp\/v2\/pages"}],"about":[{"href":"https:\/\/fisiomindfulness.fisiomindfulness.com\/es\/wp-json\/wp\/v2\/types\/page"}],"author":[{"embeddable":true,"href":"https:\/\/fisiomindfulness.fisiomindfulness.com\/es\/wp-json\/wp\/v2\/users\/1"}],"replies":[{"embeddable":true,"href":"https:\/\/fisiomindfulness.fisiomindfulness.com\/es\/wp-json\/wp\/v2\/comments?post=1253"}],"version-history":[{"count":3,"href":"https:\/\/fisiomindfulness.fisiomindfulness.com\/es\/wp-json\/wp\/v2\/pages\/1253\/revisions"}],"predecessor-version":[{"id":28911,"href":"https:\/\/fisiomindfulness.fisiomindfulness.com\/es\/wp-json\/wp\/v2\/pages\/1253\/revisions\/28911"}],"wp:attachment":[{"href":"https:\/\/fisiomindfulness.fisiomindfulness.com\/es\/wp-json\/wp\/v2\/media?parent=1253"}],"curies":[{"name":"wp","href":"https:\/\/api.w.org\/{rel}","templated":true}]}}